{"id":118,"date":"2012-11-23T18:28:58","date_gmt":"2012-11-23T18:28:58","guid":{"rendered":"http:\/\/www.josedeanchieta.org.br\/?page_id=118"},"modified":"2012-11-29T10:22:20","modified_gmt":"2012-11-29T10:22:20","slug":"projeto-lamparina","status":"publish","type":"page","link":"http:\/\/www.josedeanchieta.org.br\/?page_id=118","title":{"rendered":"Projeto Lamparina"},"content":{"rendered":"<h2>Educa\u00e7\u00e3o<\/h2>\n<h4>Escola especial, desenhada para aqueles que por suas condi\u00e7\u00f5es pessoais, tipo e grau de defici\u00eancia encontram-se impedidos de integrar o sistema de ensino regular. Seu conte\u00fado program\u00e1tico corresponde ao primeiro segmento do ensino fundamental (da alfabetiza\u00e7\u00e3o ao quinto ano).<\/h4>\n<h4>Os alunos matriculados participam de todos os projetos da institui\u00e7\u00e3o. Contam ainda com oficinas de artes, educa\u00e7\u00e3o musical e acompanhamento nutricional, fazendo tr\u00eas refei\u00e7\u00f5es di\u00e1rias balanceadas.<\/h4>\n<h4>Hor\u00e1rio de atendimento:<br \/>\nSegunda a sexta-feira de 12:45h \u00e0s 16:45h<\/h4>\n<h3><\/h3>\n<table style=\"background-color: #fffff;\" width=\"100%\" border=\"1\" cellspacing=\"3\" cellpadding=\"3\">\n<tbody>\n<tr>\n<td><a href=\"http:\/\/www.josedeanchieta.org.br\/wp-content\/uploads\/2012\/11\/passeio-na-quinta-da-boa-vista-2.jpg\"><img loading=\"lazy\" class=\"alignleft size-thumbnail wp-image-165\" title=\"passeio na quinta da boa vista (2)\" src=\"http:\/\/www.josedeanchieta.org.br\/wp-content\/uploads\/2012\/11\/passeio-na-quinta-da-boa-vista-2-150x150.jpg\" alt=\"\" width=\"150\" height=\"150\" srcset=\"http:\/\/www.josedeanchieta.org.br\/wp-content\/uploads\/2012\/11\/passeio-na-quinta-da-boa-vista-2-150x150.jpg 150w, http:\/\/www.josedeanchieta.org.br\/wp-content\/uploads\/2012\/11\/passeio-na-quinta-da-boa-vista-2-75x75.jpg 75w, http:\/\/www.josedeanchieta.org.br\/wp-content\/uploads\/2012\/11\/passeio-na-quinta-da-boa-vista-2-55x55.jpg 55w\" sizes=\"(max-width: 150px) 100vw, 150px\" \/><\/a><\/td>\n<td><a href=\"http:\/\/www.josedeanchieta.org.br\/wp-content\/uploads\/2012\/11\/lamparina1.jpg\"><img loading=\"lazy\" class=\"alignleft size-thumbnail wp-image-164\" title=\"lamparina1\" src=\"http:\/\/www.josedeanchieta.org.br\/wp-content\/uploads\/2012\/11\/lamparina1-150x150.jpg\" alt=\"\" width=\"150\" height=\"150\" srcset=\"http:\/\/www.josedeanchieta.org.br\/wp-content\/uploads\/2012\/11\/lamparina1-150x150.jpg 150w, http:\/\/www.josedeanchieta.org.br\/wp-content\/uploads\/2012\/11\/lamparina1-75x75.jpg 75w, http:\/\/www.josedeanchieta.org.br\/wp-content\/uploads\/2012\/11\/lamparina1-55x55.jpg 55w\" sizes=\"(max-width: 150px) 100vw, 150px\" \/><\/a><\/td>\n<td><a href=\"http:\/\/www.josedeanchieta.org.br\/wp-content\/uploads\/2012\/11\/aula-teclado.jpg\"><img loading=\"lazy\" class=\"alignleft size-thumbnail wp-image-163\" title=\"aula teclado\" src=\"http:\/\/www.josedeanchieta.org.br\/wp-content\/uploads\/2012\/11\/aula-teclado-150x150.jpg\" alt=\"\" width=\"150\" height=\"150\" srcset=\"http:\/\/www.josedeanchieta.org.br\/wp-content\/uploads\/2012\/11\/aula-teclado-150x150.jpg 150w, http:\/\/www.josedeanchieta.org.br\/wp-content\/uploads\/2012\/11\/aula-teclado-75x75.jpg 75w, http:\/\/www.josedeanchieta.org.br\/wp-content\/uploads\/2012\/11\/aula-teclado-55x55.jpg 55w\" sizes=\"(max-width: 150px) 100vw, 150px\" \/><\/a><\/td>\n<td><a href=\"http:\/\/www.josedeanchieta.org.br\/wp-content\/uploads\/2012\/11\/31.png\"><img loading=\"lazy\" class=\"alignleft size-thumbnail wp-image-59\" title=\"3\" src=\"http:\/\/www.josedeanchieta.org.br\/wp-content\/uploads\/2012\/11\/31-150x150.png\" alt=\"\" width=\"150\" height=\"150\" srcset=\"http:\/\/www.josedeanchieta.org.br\/wp-content\/uploads\/2012\/11\/31-150x150.png 150w, http:\/\/www.josedeanchieta.org.br\/wp-content\/uploads\/2012\/11\/31-75x75.png 75w, http:\/\/www.josedeanchieta.org.br\/wp-content\/uploads\/2012\/11\/31-55x55.png 55w\" sizes=\"(max-width: 150px) 100vw, 150px\" \/><\/a><\/td>\n<\/tr>\n<\/tbody>\n<\/table>\n","protected":false},"excerpt":{"rendered":"<p>Educa\u00e7\u00e3o Escola especial, desenhada para aqueles que por suas condi\u00e7\u00f5es pessoais, tipo e grau de defici\u00eancia encontram-se impedidos de integrar o sistema de ensino regular. Seu conte\u00fado program\u00e1tico corresponde ao primeiro segmento do ensino fundamental (da alfabetiza\u00e7\u00e3o ao quinto ano). Os alunos matriculados participam de todos os projetos da institui\u00e7\u00e3o. Contam ainda com oficinas de [&hellip;]<\/p>\n","protected":false},"author":1,"featured_media":0,"parent":21,"menu_order":0,"comment_status":"open","ping_status":"open","template":"page-full.php","meta":[],"_links":{"self":[{"href":"http:\/\/www.josedeanchieta.org.br\/index.php?rest_route=\/wp\/v2\/pages\/118"}],"collection":[{"href":"http:\/\/www.josedeanchieta.org.br\/index.php?rest_route=\/wp\/v2\/pages"}],"about":[{"href":"http:\/\/www.josedeanchieta.org.br\/index.php?rest_route=\/wp\/v2\/types\/page"}],"author":[{"embeddable":true,"href":"http:\/\/www.josedeanchieta.org.br\/index.php?rest_route=\/wp\/v2\/users\/1"}],"replies":[{"embeddable":true,"href":"http:\/\/www.josedeanchieta.org.br\/index.php?rest_route=%2Fwp%2Fv2%2Fcomments&post=118"}],"version-history":[{"count":25,"href":"http:\/\/www.josedeanchieta.org.br\/index.php?rest_route=\/wp\/v2\/pages\/118\/revisions"}],"predecessor-version":[{"id":145,"href":"http:\/\/www.josedeanchieta.org.br\/index.php?rest_route=\/wp\/v2\/pages\/118\/revisions\/145"}],"up":[{"embeddable":true,"href":"http:\/\/www.josedeanchieta.org.br\/index.php?rest_route=\/wp\/v2\/pages\/21"}],"wp:attachment":[{"href":"http:\/\/www.josedeanchieta.org.br\/index.php?rest_route=%2Fwp%2Fv2%2Fmedia&parent=118"}],"curies":[{"name":"wp","href":"https:\/\/api.w.org\/{rel}","templated":true}]}}