{"id":19,"date":"2012-11-22T09:52:20","date_gmt":"2012-11-22T09:52:20","guid":{"rendered":"http:\/\/www.josedeanchieta.org.br\/?page_id=19"},"modified":"2015-11-10T23:12:24","modified_gmt":"2015-11-10T23:12:24","slug":"sobre-o-ija","status":"publish","type":"page","link":"http:\/\/www.josedeanchieta.org.br\/?page_id=19","title":{"rendered":"Sobre o IJA"},"content":{"rendered":"<table style=\"background-color: #ffffff;\" width=\"100%\" border=\"1\" cellspacing=\"1\" cellpadding=\"1\">\n<tbody>\n<tr>\n<td><a href=\"http:\/\/www.josedeanchieta.org.br\/wp-content\/uploads\/2012\/11\/IMG_37531.jpg\"><img loading=\"lazy\" class=\"alignnone size-medium wp-image-229\" title=\"IMG_3753\" alt=\"\" src=\"http:\/\/www.josedeanchieta.org.br\/wp-content\/uploads\/2012\/11\/IMG_37531-300x200.jpg\" width=\"300\" height=\"200\" \/><\/a><\/td>\n<td style=\"padding-left: 30px;\">Fundado em 1969, o Instituto Jos\u00e9 de Anchieta \u00e9 uma institui\u00e7\u00e3o sem fins lucrativos que atende \u00e0 pessoa com dificuldade de aprendizagem e \u00e0 pessoa com defici\u00eancia intelectual. Atua nas seguintes \u00e1reas: habilita\u00e7\u00e3o e reabilita\u00e7\u00e3o, assist\u00eancia social e educa\u00e7\u00e3o. Conta com os t\u00edtulos de utilidade p\u00fablica municipal, estadual e federal e assiste, hoje, cerca de 120 fam\u00edlias em situa\u00e7\u00e3o de risco social.<\/p>\n<p><strong>Infraestrutura: <\/strong>Im\u00f3vel alugado em Niter\u00f3i, na regi\u00e3o de Fonseca. Possui 11 salas multifuncionais, 3 banheiros, 1 copa, 1 cozinha em opera\u00e7\u00e3o, 1 secretaria, 1 p\u00e1tio; distribu\u00eddos em 180 metros quadrados de \u00e1rea constru\u00edda e 50 metros quadrados de \u00e1rea livre. Nos \u00faltimos anos os problemas mais cr\u00edticos de acessibilidade foram sanados com rampas de acesso para o primeiro\u00a0piso e barras nos banheiros.<\/p>\n<p>&nbsp;<\/p>\n<p>Objetivo dos Projetos do Instituto:<\/p>\n<p>1 &#8211; Diagnosticar as condi\u00e7\u00f5es f\u00edsicas, mentais, psicossociais e educacionais atrav\u00e9s de avalia\u00e7\u00e3o por equipe interprofissional especializada e exames complementares realizados por servi\u00e7os de sa\u00fade oferecidos pelos \u00f3rg\u00e3os p\u00fablicos, privados e Organiza\u00e7\u00f5es N\u00e3o Governamentais (ONGs), visando estabelecer progn\u00f3stico e programa\u00e7\u00e3o terap\u00eautica ou educacional adequada.<\/p>\n<p>2 &#8211; Promover educa\u00e7\u00e3o inclusiva em estabelecimento de ensino regular \u00e0queles que apresentarem n\u00edvel de aproveitamento satisfat\u00f3rio compat\u00edvel com suas possibilidades.<\/p>\n<p>3 &#8211; Oferecer, simultaneamente, em car\u00e1ter tempor\u00e1rio, atendimento especializado (psicologia, fonoaudiologia, psicopedagogia e terapia ocupaciona) \u00e0queles que necessitarem e forem eleg\u00edveis ao atendimento.<\/p>\n<p>4 &#8211; Propiciar atendimento educacional continuado e atendimento complementar especializado \u00e0queles que por suas condi\u00e7\u00f5es pessoais, tipo e grau de defici\u00eancia s\u00e3o impedidos de serem integrados no sistema de ensino regular.<\/td>\n<\/tr>\n<\/tbody>\n<\/table>\n<p>&nbsp;<\/p>\n<table style=\"background-color: #ffffff;\" width=\"100%\" border=\"1\" cellspacing=\"1\" cellpadding=\"1\">\n<tbody>\n<tr>\n<td><a href=\"http:\/\/www.josedeanchieta.org.br\/wp-content\/uploads\/2012\/11\/mapa1.png\"><img loading=\"lazy\" class=\"alignnone size-medium wp-image-471\" title=\"mapa1\" alt=\"\" src=\"http:\/\/www.josedeanchieta.org.br\/wp-content\/uploads\/2012\/11\/mapa1-300x200.png\" width=\"300\" height=\"200\" \/><\/a><\/td>\n<td style=\"padding-left: 30px;\"><strong>Abrang\u00eancia Territorial\u00a0 <\/strong>Apesar de localizado em Niter\u00f3i, na regi\u00e3o de Fonseca, o IJA tamb\u00e9m atende ao p\u00fablico de munic\u00edpios adjacentes como S\u00e3o Gon\u00e7alo, Maric\u00e1, Itabora\u00ed e Manilha. No ano de 2014 realizou um total de 36.979 atendimentos.<span style=\"color: #333333; font-family: Georgia, 'Times New Roman', 'Bitstream Charter', Times, serif; font-size: small;\"><span style=\"line-height: 19px;\"><br \/>\n<\/span><\/span><\/td>\n<\/tr>\n<\/tbody>\n<\/table>\n","protected":false},"excerpt":{"rendered":"<p>Fundado em 1969, o Instituto Jos\u00e9 de Anchieta \u00e9 uma institui\u00e7\u00e3o sem fins lucrativos que atende \u00e0 pessoa com dificuldade de aprendizagem e \u00e0 pessoa com defici\u00eancia intelectual. Atua nas seguintes \u00e1reas: habilita\u00e7\u00e3o e reabilita\u00e7\u00e3o, assist\u00eancia social e educa\u00e7\u00e3o. Conta com os t\u00edtulos de utilidade p\u00fablica municipal, estadual e federal e assiste, hoje, cerca de [&hellip;]<\/p>\n","protected":false},"author":1,"featured_media":0,"parent":0,"menu_order":0,"comment_status":"open","ping_status":"open","template":"page-full.php","meta":[],"_links":{"self":[{"href":"http:\/\/www.josedeanchieta.org.br\/index.php?rest_route=\/wp\/v2\/pages\/19"}],"collection":[{"href":"http:\/\/www.josedeanchieta.org.br\/index.php?rest_route=\/wp\/v2\/pages"}],"about":[{"href":"http:\/\/www.josedeanchieta.org.br\/index.php?rest_route=\/wp\/v2\/types\/page"}],"author":[{"embeddable":true,"href":"http:\/\/www.josedeanchieta.org.br\/index.php?rest_route=\/wp\/v2\/users\/1"}],"replies":[{"embeddable":true,"href":"http:\/\/www.josedeanchieta.org.br\/index.php?rest_route=%2Fwp%2Fv2%2Fcomments&post=19"}],"version-history":[{"count":107,"href":"http:\/\/www.josedeanchieta.org.br\/index.php?rest_route=\/wp\/v2\/pages\/19\/revisions"}],"predecessor-version":[{"id":602,"href":"http:\/\/www.josedeanchieta.org.br\/index.php?rest_route=\/wp\/v2\/pages\/19\/revisions\/602"}],"wp:attachment":[{"href":"http:\/\/www.josedeanchieta.org.br\/index.php?rest_route=%2Fwp%2Fv2%2Fmedia&parent=19"}],"curies":[{"name":"wp","href":"https:\/\/api.w.org\/{rel}","templated":true}]}}