{"id":94,"date":"2012-11-23T17:31:57","date_gmt":"2012-11-23T17:31:57","guid":{"rendered":"http:\/\/www.josedeanchieta.org.br\/?page_id=94"},"modified":"2012-12-05T17:22:27","modified_gmt":"2012-12-05T17:22:27","slug":"teste","status":"publish","type":"page","link":"http:\/\/www.josedeanchieta.org.br\/?page_id=94","title":{"rendered":"Projeto \u00c9 Poss\u00edvel"},"content":{"rendered":"<h2>Habilita\u00e7\u00e3o e Reabilita\u00e7\u00e3o<\/h2>\n<h4>Desenvolvido para aqueles que possuem defici\u00eancia intelectual (s\u00edndrome de down, autismo, paralisia cerebral, etc.) e para aqueles que possuem dificuldade de aprendizagem (dislexia, disgrafia, d\u00e9ficit de aten\u00e7\u00e3o, etc.). Conta com uma equipe multidisciplinar que presta atendimento nas \u00e1reas de fonoaudiologia, psicologia, terapia ocupacional, psicomotricidade, pedagogia e psicopedagogia.<\/h4>\n<h4>Hor\u00e1rio de atendimento:<br \/>\nsegunda a sexta-feira 8h \u00e0s 12h.<\/h4>\n<p>&nbsp;<\/p>\n<table style=\"background-color: #fffff;\" width=\"100%\" border=\"1\" cellspacing=\"3\" cellpadding=\"3\">\n<tbody>\n<tr>\n<td><a href=\"http:\/\/www.josedeanchieta.org.br\/wp-content\/uploads\/2012\/11\/epossivel1.jpg\"><img loading=\"lazy\" class=\"alignleft size-thumbnail wp-image-169\" src=\"http:\/\/www.josedeanchieta.org.br\/wp-content\/uploads\/2012\/11\/epossivel1-150x150.jpg\" alt=\"\" width=\"150\" height=\"150\" srcset=\"http:\/\/www.josedeanchieta.org.br\/wp-content\/uploads\/2012\/11\/epossivel1-150x150.jpg 150w, http:\/\/www.josedeanchieta.org.br\/wp-content\/uploads\/2012\/11\/epossivel1-75x75.jpg 75w, http:\/\/www.josedeanchieta.org.br\/wp-content\/uploads\/2012\/11\/epossivel1-55x55.jpg 55w\" sizes=\"(max-width: 150px) 100vw, 150px\" \/><\/a><\/td>\n<td><a href=\"http:\/\/www.josedeanchieta.org.br\/wp-content\/uploads\/2012\/11\/epossivel2.jpg\"><img loading=\"lazy\" class=\"alignleft size-thumbnail wp-image-170\" src=\"http:\/\/www.josedeanchieta.org.br\/wp-content\/uploads\/2012\/11\/epossivel2-150x150.jpg\" alt=\"\" width=\"150\" height=\"150\" srcset=\"http:\/\/www.josedeanchieta.org.br\/wp-content\/uploads\/2012\/11\/epossivel2-150x150.jpg 150w, http:\/\/www.josedeanchieta.org.br\/wp-content\/uploads\/2012\/11\/epossivel2-75x75.jpg 75w, http:\/\/www.josedeanchieta.org.br\/wp-content\/uploads\/2012\/11\/epossivel2-55x55.jpg 55w\" sizes=\"(max-width: 150px) 100vw, 150px\" \/><\/a><\/td>\n<td><a href=\"http:\/\/www.josedeanchieta.org.br\/wp-content\/uploads\/2012\/11\/epossivel3.jpg\"><img loading=\"lazy\" class=\"alignleft size-thumbnail wp-image-171\" src=\"http:\/\/www.josedeanchieta.org.br\/wp-content\/uploads\/2012\/11\/epossivel3-150x150.jpg\" alt=\"\" width=\"150\" height=\"150\" srcset=\"http:\/\/www.josedeanchieta.org.br\/wp-content\/uploads\/2012\/11\/epossivel3-150x150.jpg 150w, http:\/\/www.josedeanchieta.org.br\/wp-content\/uploads\/2012\/11\/epossivel3-75x75.jpg 75w, http:\/\/www.josedeanchieta.org.br\/wp-content\/uploads\/2012\/11\/epossivel3-55x55.jpg 55w\" sizes=\"(max-width: 150px) 100vw, 150px\" \/><\/a><\/td>\n<td><a href=\"http:\/\/www.josedeanchieta.org.br\/wp-content\/uploads\/2012\/11\/projeto-e-possivel-2.jpg\"><img loading=\"lazy\" class=\"alignleft size-thumbnail wp-image-172\" src=\"http:\/\/www.josedeanchieta.org.br\/wp-content\/uploads\/2012\/11\/projeto-e-possivel-2-150x150.jpg\" alt=\"\" width=\"150\" height=\"150\" srcset=\"http:\/\/www.josedeanchieta.org.br\/wp-content\/uploads\/2012\/11\/projeto-e-possivel-2-150x150.jpg 150w, http:\/\/www.josedeanchieta.org.br\/wp-content\/uploads\/2012\/11\/projeto-e-possivel-2-75x75.jpg 75w, http:\/\/www.josedeanchieta.org.br\/wp-content\/uploads\/2012\/11\/projeto-e-possivel-2-55x55.jpg 55w\" sizes=\"(max-width: 150px) 100vw, 150px\" \/><\/a><\/td>\n<\/tr>\n<\/tbody>\n<\/table>\n","protected":false},"excerpt":{"rendered":"<p>Habilita\u00e7\u00e3o e Reabilita\u00e7\u00e3o Desenvolvido para aqueles que possuem defici\u00eancia intelectual (s\u00edndrome de down, autismo, paralisia cerebral, etc.) e para aqueles que possuem dificuldade de aprendizagem (dislexia, disgrafia, d\u00e9ficit de aten\u00e7\u00e3o, etc.). Conta com uma equipe multidisciplinar que presta atendimento nas \u00e1reas de fonoaudiologia, psicologia, terapia ocupacional, psicomotricidade, pedagogia e psicopedagogia. Hor\u00e1rio de atendimento: segunda a [&hellip;]<\/p>\n","protected":false},"author":1,"featured_media":0,"parent":21,"menu_order":0,"comment_status":"open","ping_status":"open","template":"page-full.php","meta":[],"_links":{"self":[{"href":"http:\/\/www.josedeanchieta.org.br\/index.php?rest_route=\/wp\/v2\/pages\/94"}],"collection":[{"href":"http:\/\/www.josedeanchieta.org.br\/index.php?rest_route=\/wp\/v2\/pages"}],"about":[{"href":"http:\/\/www.josedeanchieta.org.br\/index.php?rest_route=\/wp\/v2\/types\/page"}],"author":[{"embeddable":true,"href":"http:\/\/www.josedeanchieta.org.br\/index.php?rest_route=\/wp\/v2\/users\/1"}],"replies":[{"embeddable":true,"href":"http:\/\/www.josedeanchieta.org.br\/index.php?rest_route=%2Fwp%2Fv2%2Fcomments&post=94"}],"version-history":[{"count":49,"href":"http:\/\/www.josedeanchieta.org.br\/index.php?rest_route=\/wp\/v2\/pages\/94\/revisions"}],"predecessor-version":[{"id":298,"href":"http:\/\/www.josedeanchieta.org.br\/index.php?rest_route=\/wp\/v2\/pages\/94\/revisions\/298"}],"up":[{"embeddable":true,"href":"http:\/\/www.josedeanchieta.org.br\/index.php?rest_route=\/wp\/v2\/pages\/21"}],"wp:attachment":[{"href":"http:\/\/www.josedeanchieta.org.br\/index.php?rest_route=%2Fwp%2Fv2%2Fmedia&parent=94"}],"curies":[{"name":"wp","href":"https:\/\/api.w.org\/{rel}","templated":true}]}}